{"id":8,"date":"2021-11-22T20:51:05","date_gmt":"2021-11-22T17:51:05","guid":{"rendered":"https:\/\/www.un-pub.eu\/publisher\/?page_id=8"},"modified":"2022-11-15T22:14:58","modified_gmt":"2022-11-15T19:14:58","slug":"about-us","status":"publish","type":"page","link":"https:\/\/www.un-pub.eu\/publisher\/","title":{"rendered":"About Us"},"content":{"rendered":"\n<p class=\"has-medium-font-size\"><strong>Birlesik Dunya Yenilik Arastirma ve Yayincilik Merkezi<\/strong> <strong>(BD-Center)<\/strong><\/p>\n\n\n\n<div style=\"height:40px\" aria-hidden=\"true\" class=\"wp-block-spacer\"><\/div>\n\n\n<div class=\"wp-block-image is-style-default\">\n<figure class=\"alignleft size-full\"><img loading=\"lazy\" decoding=\"async\" width=\"150\" height=\"190\" src=\"https:\/\/www.un-pub.eu\/publisher\/wp-content\/uploads\/2021\/11\/Adsiz-tasarim.png\" alt=\"\" class=\"wp-image-88\"\/><\/figure>\n<\/div>\n\n\n<p style=\"font-size:22px\"><strong>Mehmet Cemal Uzunboylu<\/strong><\/p>\n\n\n\n<p style=\"font-size:18px\"><em><span class=\"has-inline-color has-black-color\">Director<\/span><\/em><\/p>\n\n\n\n<p>Mehmet Cemal Uzunboylu was born in 1964 in Nicosia \u2013 Cyprus. He is a High School graduate of Commerce. He worked as a civil servant for 22 years and retired in 2020. He is the Director of BD-Center.<\/p>\n\n\n\n<p><\/p>\n\n\n\n<p><strong>E-mail:<\/strong>&nbsp;<a href=\"mailto:info@un-pub.eu\">info@un-pub.eu<\/a><\/p>\n\n\n\n<div style=\"height:40px\" aria-hidden=\"true\" class=\"wp-block-spacer\"><\/div>\n\n\n<div class=\"wp-block-image is-style-default\">\n<figure class=\"alignleft size-full\"><img loading=\"lazy\" decoding=\"async\" width=\"150\" height=\"190\" src=\"https:\/\/www.un-pub.eu\/publisher\/wp-content\/uploads\/2021\/12\/Adsiz-tasarim-4.png\" alt=\"\" class=\"wp-image-119\"\/><\/figure>\n<\/div>\n\n\n<p style=\"font-size:22px\"><strong><strong>Mustafa Korucu, M.<\/strong>A.<\/strong><\/p>\n\n\n\n<p style=\"font-size:18px\"><em><mark style=\"background-color:rgba(0, 0, 0, 0)\" class=\"has-inline-color has-black-color\">Event Manager<\/mark><\/em><\/p>\n\n\n\n<p>Mustafa Korucu, after graduating from T\u00fcrk Maarif Koleji in 1979, entered Middle East Technical University, Faculty of Architecture, Department of Architecture and graduated as an architect in 1984. After completing military service, he started work at the Town Planning Office in Nicosia. In 1988, he switched jobs to work as a chief Architect at Nicosia Turkish Municipality, and worked at Development Control. In 2001, he was awarded by Fulbright as a short-term trainer in University of Illinois, USA. In the course of his study, he researched on Geographical Information Systems. After returning to the Nicosia Municipality, he became head of Development Control Department. In 2006, he became head of GIS department and Property Taxes. During his time, he, together with his team, prepared all the digitised maps of North Nicosia and connected all data to all these maps. In 2012, he became Deputy Manager and in 2015, he became the General Manager in Nicosia Turkish Municipality. In 2012, He completed his master\u2019s degree. He continued till 2019 and transferred to Bah\u00e7e\u015fehir Cyprus University. In 2021, after retiring, he started his academic carrier in Near East University, Department of Architecture, where he specialises in Professional Practice, Ethics and Mechanical Equipment for Architects. He also Works at Department of Architecture at Bah\u00e7e\u015fehir Cyprus University.<\/p>\n\n\n\n<p><\/p>\n\n\n\n<p><strong><strong>E-mail:<\/strong>&nbsp;<\/strong><a href=\"mailto:ltb.mustafakorucu@gmail.com\">taeg.korucu@gmail.com<\/a><\/p>\n\n\n\n<div style=\"height:40px\" aria-hidden=\"true\" class=\"wp-block-spacer\"><\/div>\n\n\n<div class=\"wp-block-image is-style-default\">\n<figure class=\"alignleft size-full\"><img loading=\"lazy\" decoding=\"async\" width=\"150\" height=\"190\" src=\"https:\/\/www.un-pub.eu\/publisher\/wp-content\/uploads\/2021\/11\/Adsiz-tasarim-4.png\" alt=\"\" class=\"wp-image-89\"\/><\/figure>\n<\/div>\n\n\n<p style=\"font-size:22px\"><strong><strong>Dr. Vasfi Tu\u011fun<\/strong><\/strong><\/p>\n\n\n\n<p style=\"font-size:18px\"><em><mark style=\"background-color:rgba(0, 0, 0, 0)\" class=\"has-inline-color has-black-color\">Web Master (Part-Time)<\/mark><\/em><\/p>\n\n\n\n<p>He was born in Kyrenia in 1988. After completing his primary education in Karao\u011flano\u011flu Primary School, he furthered his secondary education in Anafartalar Lice and Lapta Yavuzlar Lice. He completed his degree in Computer Education and Instructional Technology from Near East University, Education Faculty in 2009. In 2011, after completing his master\u2019s degree in computer education and Instructional Technology also from the Near East University, he proceeded to &nbsp;the PhD level in the same department &nbsp;and completed in 2015. After teaching Computer Education and Instructional Technology on a part-time basis between 2009-2011, he went into full-time Academia in 2011. He worked as a full-time research assistant between 2011-2015 and was appointed as a doctoral lecturer in 2015. He has been working as an Information Technologies teacher at the Ministry of National Education since 2019. He is married and knows English as a foreign language.<\/p>\n\n\n\n<p><\/p>\n\n\n\n<p><strong><strong>E-mail:<\/strong>&nbsp;<\/strong><a href=\"mailto:vasfitugun@gmail.com\">vasfitugun@gmail.com<\/a><\/p>\n\n\n\n<div style=\"height:40px\" aria-hidden=\"true\" class=\"wp-block-spacer\"><\/div>\n\n\n<div class=\"wp-block-image is-style-default\">\n<figure class=\"alignleft size-full\"><img loading=\"lazy\" decoding=\"async\" width=\"150\" height=\"190\" src=\"https:\/\/www.un-pub.eu\/publisher\/wp-content\/uploads\/2021\/11\/Adsiz-tasarim-2.png\" alt=\"\" class=\"wp-image-90\"\/><\/figure>\n<\/div>\n\n\n<p style=\"font-size:22px\"><strong><strong>Dr. Tahir Tavuk\u00e7u<\/strong><\/strong><\/p>\n\n\n\n<p style=\"font-size:18px\"><em><mark style=\"background-color:rgba(0, 0, 0, 0)\" class=\"has-inline-color has-black-color\">Communication Expert (Part-Time)<\/mark><\/em><\/p>\n\n\n\n<p>Tahir Tavuk\u00e7u was born in Nicosia, Cyprus. After graduating from the Department of Computer Education and Instructional Technologies at Near East University, Tahir Tavukcu completed his Master\u2019s and PhD degree in the field of Distance Learning at the same university. After receiving his Doctoral degree in 2015 from the Near East University, he became an Assistant Professor in 2016. He has been working as an information technology teacher at the Ministry of Education and Culture since 2016. He is currently working at De\u011firmenlik High School. Since the inception of the Covid-19 Pandemic, he has been actively involved in the field of distance learning at the Ministry of Education and Culture. To add to his extensive knowledge, he is a seasoned researcher.<\/p>\n\n\n\n<p><\/p>\n\n\n\n<p><strong><strong>E-mail:<\/strong>&nbsp;<\/strong><a href=\"mailto:ttavukcu@gmail.com\">ttavukcu@gmail.com<\/a><\/p>\n\n\n\n<div style=\"height:40px\" aria-hidden=\"true\" class=\"wp-block-spacer\"><\/div>\n\n\n<div class=\"wp-block-image is-style-default\">\n<figure class=\"alignleft size-full\"><img loading=\"lazy\" decoding=\"async\" width=\"150\" height=\"190\" src=\"http:\/\/www.un-pub.eu\/publisher\/wp-content\/uploads\/2021\/12\/Adsiz-tasarim-1.png\" alt=\"\" class=\"wp-image-110\"\/><\/figure>\n<\/div>\n\n\n<p style=\"font-size:22px\"><strong><strong><strong>Semih \u00c7al\u0131\u015fkan<\/strong><\/strong><\/strong><\/p>\n\n\n\n<p style=\"font-size:18px\"><em><mark style=\"background-color:rgba(0, 0, 0, 0)\" class=\"has-inline-color has-black-color\">Technology Expert (Part-Time)<\/mark><\/em><\/p>\n\n\n\n<p>Semih \u00c7al\u0131\u015fkan was born in Akhisar, Manisa in 1992. He started his academic journey in \u0130zmir,&nbsp; Turkey. In 2010, he continued to the Near East University in Cyprus, at the Computer and Instructional Technologies Department. In 2019, he pursued his PhD dream and received a doctoral qualification in Special Education Teaching and Technology. In 2019, Semih \u00c7al\u0131\u015fkan started working at Istanbul Ayd\u0131n University, as the Deputy Director of the Distance Education Application and Research Center, and simultaneously gave technology lessons. He combines these duties with his duties at Izmir T\u0131naztepe University, where he takes technology classes in the 2nd grade.<\/p>\n\n\n\n<p><\/p>\n\n\n\n<p><strong>E-mail:<\/strong> <a href=\"mailto:semih.caliskan@tinaztepe.edu.tr\">semih.caliskan@tinaztepe.edu.tr<\/a>&nbsp;<span class=\"has-inline-color has-black-color\">, <\/span><a href=\"mailto:semih.caliskan.neu@gmail.com\">semih.caliskan.neu@gmail.com<\/a><\/p>\n\n\n\n<div style=\"height:40px\" aria-hidden=\"true\" class=\"wp-block-spacer\"><\/div>\n\n\n<div class=\"wp-block-image is-style-default\">\n<figure class=\"alignleft size-full\"><img loading=\"lazy\" decoding=\"async\" width=\"150\" height=\"190\" src=\"http:\/\/www.un-pub.eu\/publisher\/wp-content\/uploads\/2021\/12\/Adsiz-tasarim-2.png\" alt=\"\" class=\"wp-image-111\"\/><\/figure>\n<\/div>\n\n\n<p style=\"font-size:22px\"><strong><strong><strong>Beria G\u00f6kayd\u0131n<\/strong>,&nbsp;<strong>M.A., Ph.D. Candidate<\/strong><\/strong><\/strong><\/p>\n\n\n\n<p style=\"font-size:18px\"><em><span class=\"has-inline-color has-black-color\">Journals Manager<\/span><\/em><\/p>\n\n\n\n<p>She started her undergraduate education in Cyprus at the Near East University, Science-Literature, Psychology (English) Department in 2015, and then continued at Near East University in the same year as a graduate student in the Special Education Department. In 2017, she started a pursuit of a PhD in the same field, also at Near East University. She is currently working on her thesis. She gained noticeable experience in the academia while working as a full-time lecturer, student advisor and guidance counsellor. Between 2016-2018, she joined The Academic Events Group as the general secretary of the international conference. Since 2020, she has been conducting research and serving as the deputy editor-in-chief at the United World Assistant Research and Publication Center for Innovation. At the same time, she is an executive board member of the Cyprus Sciences Association and the general secretary of the Universal Special Education and Psychological Services.<\/p>\n\n\n\n<p><\/p>\n\n\n\n<p><strong><strong>E-mail:&nbsp;<\/strong><\/strong><a href=\"mailto:bdcenter.secretariat@gmail.com\">bdcenter.secretariat@gmail.com<\/a><\/p>\n\n\n\n<div style=\"height:40px\" aria-hidden=\"true\" class=\"wp-block-spacer\"><\/div>\n\n\n<div class=\"wp-block-image is-style-default\">\n<figure class=\"alignleft size-full\"><img loading=\"lazy\" decoding=\"async\" width=\"150\" height=\"190\" src=\"http:\/\/www.un-pub.eu\/publisher\/wp-content\/uploads\/2021\/12\/Adsiz-tasarim.png\" alt=\"\" class=\"wp-image-112\"\/><\/figure>\n<\/div>\n\n\n<p style=\"font-size:22px\"><strong>Daniel Sekyere-Asiedu, Ph.D. Student<\/strong><\/p>\n\n\n\n<p style=\"font-size:18px\"><em><span class=\"has-inline-color has-black-color\">Production Editor<\/span><\/em><\/p>\n\n\n\n<p>DanielSekyere-Asiedu<strong>&nbsp;i<\/strong>s a Ghanaian who completed his high school from Bishop Herman in Kpando and a Diploma in Telecommunication Engineering from the Department of Electrical\/Electronic Engineering at the Ho Technical university, both in the volta region of Ghana. He attained a bachelor in Telecommunication Engineering from Kwame Nkrumah University of Science and Technology in Kumasi, Ghana. He worked with JVC Ghana as a member of the electrical installation department. Afterwards, he worked with Trans Tema Power Limited as a member of the Electrical \/ Electronic maintenance department. He subsequently worked in Global Power Energy Limited as a maintenance supervisor all in Ghana. He went further and achieved an MSc in Computer Information Systems from the Near East University in Cyprus. During this period, he was both a Laboratory assistant and a teaching assistant in the same department, where he taught Introduction to Computer Information Systems and Computer networks. He is currently a PhD student in Near East University\u2019s Computer Information Systems department. He concurrently works with BD Center as a Copyeditor. He has interest in Microcontrollers, Sensors, IOT, Cloud computing, Computer Networks, Database, Data Structures, Information Technologies, Programming Logic, and Information Systems.<\/p>\n\n\n\n<p><\/p>\n\n\n\n<p><strong><strong>E-mail:&nbsp;<\/strong><\/strong><a href=\"mailto:bdcenter.editorial@gmail.com\">bdcenter.editorial@gmail.com<\/a><\/p>\n\n\n\n<p><\/p>\n\n\n\n<div style=\"height:40px\" aria-hidden=\"true\" class=\"wp-block-spacer\"><\/div>\n\n\n<div class=\"wp-block-image is-style-default\">\n<figure class=\"alignleft size-full\"><img loading=\"lazy\" decoding=\"async\" width=\"150\" height=\"190\" src=\"https:\/\/www.un-pub.eu\/publisher\/wp-content\/uploads\/2021\/11\/Adsiz-tasarim-5.png\" alt=\"\" class=\"wp-image-93\"\/><\/figure>\n<\/div>\n\n\n<p style=\"font-size:22px\"><strong><strong>Sabina Kwakye<\/strong><\/strong><\/p>\n\n\n\n<p style=\"font-size:18px\"><em><span class=\"has-inline-color has-black-color\">Editing Manager<\/span><\/em><\/p>\n\n\n\n<p>Having completed a Bachelor\u2019s degree in Management Studies from the University of Cape Coast in Ghana, she proceeded to pursue a Master of Science degree in Marketing Management at the Near East University in Cyprus. She graduated as one of the brightest students and as such, was enrolled as a PhD student in the Near East University, where she is currently studying to become a Doctor of Business Administration. Sabina has held several academic positions including a position at the West African Examinations Council (WAEC, Ghana), where she made sure students were properly certified and their results were internationally recognized. Apart from her qualification as a Business administrator, she teaches English as a foreign language and helps people develop their communication skills. With the number of years of experience, she possesses in the academia, research work and her adept nature to understanding topics outside of her field of study, she has helped several researchers and provided them the guidance to revise their research into the accepted standard. She is a beacon of hope.<\/p>\n\n\n\n<p><\/p>\n\n\n\n<p><strong><strong><strong>E-mail:<\/strong>&nbsp;<\/strong><\/strong><a href=\"mailto:bdcenter.editing@gmail.com\">bdcenter.editing@gmail.com<\/a><\/p>\n\n\n\n<div style=\"height:40px\" aria-hidden=\"true\" class=\"wp-block-spacer\"><\/div>\n\n\n<div class=\"wp-block-image is-style-default\">\n<figure class=\"alignleft size-full\"><img loading=\"lazy\" decoding=\"async\" width=\"150\" height=\"190\" src=\"https:\/\/www.un-pub.eu\/publisher\/wp-content\/uploads\/2021\/11\/Adsiz-tasarim-6.png\" alt=\"\" class=\"wp-image-94\"\/><\/figure>\n<\/div>\n\n\n<p style=\"font-size:22px\"><strong><strong>Jennifer Oye Gariba<\/strong><\/strong><\/p>\n\n\n\n<p style=\"font-size:18px\"><em><mark style=\"background-color:rgba(0, 0, 0, 0)\" class=\"has-inline-color has-black-color\">Events Assistant<\/mark><\/em><\/p>\n\n\n\n<p>Jennifer Oye Gariba is a Ghanaian who completed&nbsp;her high school education in Achimota School, Accra, Ghana. She studied BSc in Banking and Finance at the University of Professional Studies Accra, (UPSA). She worked as an accounts&nbsp;officer in Barry Callebaut&nbsp;Ghana limited, a multinational company in Tema, Ghana. She later worked as a bank teller in Fidelity Bank Ghana. She also worked as an office manager in JSL Company Limited. She is a Christian and currently pursuing her master\u2019s education in Business Administration, at Cyprus International University (CIU).<\/p>\n\n\n\n<p><\/p>\n\n\n\n<p><strong><strong><strong>E-mail:<\/strong>&nbsp;<\/strong><\/strong><a href=\"mailto:bdcenter.editing@gmail.com\">bdcenter.editing@gmail.com<\/a><\/p>\n\n\n\n<div style=\"height:40px\" aria-hidden=\"true\" class=\"wp-block-spacer\"><\/div>\n\n\n<div class=\"wp-block-image is-style-default\">\n<figure class=\"alignleft size-full\"><img loading=\"lazy\" decoding=\"async\" width=\"150\" height=\"190\" src=\"https:\/\/www.un-pub.eu\/publisher\/wp-content\/uploads\/2021\/11\/Adsiz-tasarim-3.png\" alt=\"\" class=\"wp-image-95\"\/><\/figure>\n<\/div>\n\n\n<p style=\"font-size:22px\"><strong><strong>Tolga Sava\u015fkurt<\/strong><\/strong><\/p>\n\n\n\n<p style=\"font-size:18px\"><em><span class=\"has-inline-color has-black-color\">Social Media Manager<\/span><\/em><\/p>\n\n\n\n<p>Tolga Sava\u015fkurt started his education at the Department of Management Information Systems at Istanbul Ayd\u0131n University with a full scholarship in 2017. He continued his undergraduate education to the 4th grade. He has been working as social media manager and designer at The Academic Events Group since November 2019.<\/p>\n\n\n\n<p><\/p>\n\n\n\n<p><strong><strong><strong>E-mail:<\/strong>&nbsp;<a href=\"mailto:bdcenter.editing@gmail.com\"><\/a><\/strong><\/strong><a href=\"mailto:socialmedia.sciences@gmail.com\">socialmedia.sciences@gmail.com<\/a><\/p>\n","protected":false},"excerpt":{"rendered":"<p>Birlesik Dunya Yenilik Arastirma ve Yayincilik Merkezi (BD-Center) Mehmet Cemal Uzunboylu Director Mehmet Cemal Uzunboylu was born in 1964 in Nicosia \u2013 Cyprus. He is a High School graduate of Commerce. He worked as a civil servant for 22 years and retired in 2020. He is the Director of BD-Center. E-mail:&nbsp;info@un-pub.eu Mustafa Korucu, M.A. Event &hellip; <a href=\"https:\/\/www.un-pub.eu\/publisher\/\" class=\"more-link\">Okumaya devam et <span class=\"screen-reader-text\">About Us<\/span><\/a><\/p>\n","protected":false},"author":1,"featured_media":0,"parent":0,"menu_order":0,"comment_status":"closed","ping_status":"closed","template":"","meta":{"footnotes":""},"class_list":["post-8","page","type-page","status-publish","hentry"],"_links":{"self":[{"href":"https:\/\/www.un-pub.eu\/publisher\/wp-json\/wp\/v2\/pages\/8","targetHints":{"allow":["GET"]}}],"collection":[{"href":"https:\/\/www.un-pub.eu\/publisher\/wp-json\/wp\/v2\/pages"}],"about":[{"href":"https:\/\/www.un-pub.eu\/publisher\/wp-json\/wp\/v2\/types\/page"}],"author":[{"embeddable":true,"href":"https:\/\/www.un-pub.eu\/publisher\/wp-json\/wp\/v2\/users\/1"}],"replies":[{"embeddable":true,"href":"https:\/\/www.un-pub.eu\/publisher\/wp-json\/wp\/v2\/comments?post=8"}],"version-history":[{"count":51,"href":"https:\/\/www.un-pub.eu\/publisher\/wp-json\/wp\/v2\/pages\/8\/revisions"}],"predecessor-version":[{"id":255,"href":"https:\/\/www.un-pub.eu\/publisher\/wp-json\/wp\/v2\/pages\/8\/revisions\/255"}],"wp:attachment":[{"href":"https:\/\/www.un-pub.eu\/publisher\/wp-json\/wp\/v2\/media?parent=8"}],"curies":[{"name":"wp","href":"https:\/\/api.w.org\/{rel}","templated":true}]}}